{"id":5071,"date":"2023-03-22T18:14:04","date_gmt":"2023-03-22T23:14:04","guid":{"rendered":"https:\/\/web.ugelcondesuyos.com\/?page_id=5071"},"modified":"2025-05-15T09:34:09","modified_gmt":"2025-05-15T14:34:09","slug":"institucion","status":"publish","type":"page","link":"https:\/\/web.ugelcondesuyos.com\/?page_id=5071","title":{"rendered":"INSTITUCI\u00d3N"},"content":{"rendered":"\n<p><strong>Es preciso recordar que un 12 de setiembre de 1989 en acto solemne y con una misa celebrada en la iglesia catedral de Chuquibamba se inaugura oficialmente la UGEL Condesuyos, con la presencia de autoridades de nuestra provincia, directores de las instituciones educativas y la poblaci\u00f3n en pleno reunida en cantidad, inter\u00e9s y alegr\u00eda, quienes presenciaron el inicio de la instituci\u00f3n encargada de dirigir la educaci\u00f3n en nuestra provincia. <\/strong><\/p>\n\n\n\n<p><strong>\u00a0\u00a0\u00a0\u00a0\u00a0\u00a0\u00a0\u00a0\u00a0\u00a0\u00a0\u00a0\u00a0\u00a0\u00a0\u00a0\u00a0\u00a0\u00a0\u00a0\u00a0\u00a0\u00a0\u00a0\u00a0\u00a0\u00a0\u00a0\u00a0\u00a0\u00a0\u00a0\u00a0\u00a0\u00a0\u00a0\u00a0\u00a0\u00a0\u00a0\u00a0\u00a0\u00a0 <\/strong><\/p>\n","protected":false},"excerpt":{"rendered":"<p>Es preciso recordar que un 12 de setiembre de 1989 en acto solemne y con una misa celebrada en la iglesia catedral de Chuquibamba se inaugura oficialmente la UGEL Condesuyos, con la presencia de autoridades de nuestra provincia, directores de las instituciones educativas y la poblaci\u00f3n en pleno reunida en cantidad, inter\u00e9s y alegr\u00eda, quienes [&hellip;]<\/p>\n","protected":false},"author":1,"featured_media":0,"parent":0,"menu_order":0,"comment_status":"closed","ping_status":"closed","template":"","meta":{"footnotes":""},"_links":{"self":[{"href":"https:\/\/web.ugelcondesuyos.com\/index.php?rest_route=\/wp\/v2\/pages\/5071"}],"collection":[{"href":"https:\/\/web.ugelcondesuyos.com\/index.php?rest_route=\/wp\/v2\/pages"}],"about":[{"href":"https:\/\/web.ugelcondesuyos.com\/index.php?rest_route=\/wp\/v2\/types\/page"}],"author":[{"embeddable":true,"href":"https:\/\/web.ugelcondesuyos.com\/index.php?rest_route=\/wp\/v2\/users\/1"}],"replies":[{"embeddable":true,"href":"https:\/\/web.ugelcondesuyos.com\/index.php?rest_route=%2Fwp%2Fv2%2Fcomments&post=5071"}],"version-history":[{"count":3,"href":"https:\/\/web.ugelcondesuyos.com\/index.php?rest_route=\/wp\/v2\/pages\/5071\/revisions"}],"predecessor-version":[{"id":8863,"href":"https:\/\/web.ugelcondesuyos.com\/index.php?rest_route=\/wp\/v2\/pages\/5071\/revisions\/8863"}],"wp:attachment":[{"href":"https:\/\/web.ugelcondesuyos.com\/index.php?rest_route=%2Fwp%2Fv2%2Fmedia&parent=5071"}],"curies":[{"name":"wp","href":"https:\/\/api.w.org\/{rel}","templated":true}]}}